{"id":1995,"date":"2023-04-18T13:57:16","date_gmt":"2023-04-18T10:57:16","guid":{"rendered":"https:\/\/paramatma.lt\/kontaktai\/"},"modified":"2023-12-21T15:07:58","modified_gmt":"2023-12-21T12:07:58","slug":"kontakt","status":"publish","type":"page","link":"https:\/\/paramatma.lt\/pl\/kontakt\/","title":{"rendered":"Kontakt"},"content":{"rendered":"<section class=\"l-section wpb_row us_custom_c70c97eb height_large\"><div class=\"l-section-h i-cf\"><div class=\"g-cols vc_row via_flex valign_middle type_default stacking_default\"><div class=\"vc_col-sm-6 wpb_column vc_column_container\"><div class=\"vc_column-inner us_custom_1faf7262\"><div class=\"wpb_wrapper\"><div class=\"wpb_text_column\"><div class=\"wpb_wrapper\"><h2>Kontaktai<\/h2>\n<\/div><\/div><div class=\"w-separator size_custom\" style=\"height:60px\"><\/div><div class=\"g-cols wpb_row via_flex valign_top type_default stacking_default\"><div class=\"vc_col-sm-6 wpb_column vc_column_container\"><div class=\"vc_column-inner\"><div class=\"wpb_wrapper\"><div class=\"w-text us_custom_af9f2a0f\"><a href=\"tel:+370 682 23888\" class=\"w-text-h\"><span class=\"w-text-value\">+370 682 23888<\/span><\/a><\/div><div class=\"w-separator size_custom\" style=\"height:25px\" id=\"q4c7\"><style>@media(max-width:1024px){ #q4c7{height:20px!important}}@media(max-width:600px){ #q4c7{height:20px!important}}<\/style><\/div><div class=\"wpb_text_column\"><div class=\"wpb_wrapper\"><p>Informacija apie u\u017esakymus<\/p>\n<\/div><\/div><div class=\"w-separator size_custom\" style=\"height:0px\" id=\"j90d\"><style>@media(max-width:600px){ #j90d{height:40px!important}}<\/style><\/div><\/div><\/div><\/div><div class=\"vc_col-sm-6 wpb_column vc_column_container\"><div class=\"vc_column-inner\"><div class=\"wpb_wrapper\"><div class=\"w-text us_custom_af9f2a0f\"><a href=\"mailto:info@paramatma.lt\" class=\"w-text-h\"><span class=\"w-text-value\">info@paramatma.lt<\/span><\/a><\/div><div class=\"w-separator size_custom\" style=\"height:25px\" id=\"yf27\"><style>@media(max-width:1024px){ #yf27{height:20px!important}}@media(max-width:600px){ #yf27{height:20px!important}}<\/style><\/div><div class=\"wpb_text_column\"><div class=\"wpb_wrapper\"><p>Turite klausim\u0173?<br \/>\nKlausikite!<\/p>\n<\/div><\/div><\/div><\/div><\/div><\/div><div class=\"w-separator size_custom\" style=\"height:40px\" id=\"i371\"><style><\/style><\/div><div class=\"g-cols wpb_row via_flex valign_top type_default stacking_default\"><div class=\"vc_col-sm-12 wpb_column vc_column_container\"><div class=\"vc_column-inner\"><div class=\"wpb_wrapper\"><div class=\"w-text us_custom_af9f2a0f\"><span class=\"w-text-h\"><span class=\"w-text-value\">\u012emon\u0117s rekvizitai<\/span><\/span><\/div><div class=\"w-separator size_custom\" style=\"height:25px\" id=\"ead2\"><style>@media(max-width:1024px){ #ead2{height:20px!important}}@media(max-width:600px){ #ead2{height:20px!important}}<\/style><\/div><div class=\"wpb_text_column\"><div class=\"wpb_wrapper\"><p>Bontonas, UAB<\/p>\n<\/div><\/div><div class=\"wpb_text_column\"><div class=\"wpb_wrapper\"><p>\u012emon\u0117s kodas: 300089347<\/p>\n<\/div><\/div><div class=\"wpb_text_column\"><div class=\"wpb_wrapper\"><p>PVM kodas: LT100002115210<\/p>\n<\/div><\/div><div class=\"w-separator size_custom\" style=\"height:0px\" id=\"w2f0\"><style>@media(max-width:600px){ #w2f0{height:40px!important}}<\/style><\/div><\/div><\/div><\/div><\/div><div class=\"w-separator size_custom\" style=\"height:0px\" id=\"y4b6\"><style>@media(max-width:1024px){ #y4b6{height:60px!important}}@media(max-width:600px){ #y4b6{height:60px!important}}<\/style><\/div><\/div><\/div><\/div><div class=\"vc_col-sm-6 wpb_column vc_column_container has_bg_color\"><div class=\"vc_column-inner us_custom_8515c424\"><div class=\"wpb_wrapper\"><form class=\"w-form  layout_ver for_cform us_form_1\" autocomplete=\"off\" action=\"https:\/\/paramatma.lt\/pl\/wp-json\/wp\/v2\/pages\/1995\" method=\"post\"><div class=\"w-form-h\"><div class=\"w-form-row for_text cols_2\">\r\n\t\t<div class=\"w-form-row-field\">\r\n\t\t\t\t\t\t<input aria-label=\"Imie\" type=\"text\" name=\"us_form_1_text_1\" value placeholder=\"Imie\"\/>\r\n\t\t\t<\/div>\r\n\t\t<div class=\"w-form-row-state\">Wype\u0142nij to pole<\/div>\r\n<\/div>\r\n<div class=\"w-form-row for_email required cols_2\">\r\n\t\t<div class=\"w-form-row-field\">\r\n\t\t\t\t\t\t<input aria-label=\"El. pa\u0161to adresas\" type=\"email\" name=\"us_form_1_email_1\" value placeholder=\"El. pa\u0161to adresas *\" data-required=\"true\" aria-required=\"true\"\/>\r\n\t\t\t<\/div>\r\n\t\t<div class=\"w-form-row-state\">Prosz\u0119 wpisa\u0107 prawid\u0142owy adres e-mail.<\/div>\r\n<\/div>\r\n<div class=\"w-form-row for_text cols_2\">\r\n\t\t<div class=\"w-form-row-field\">\r\n\t\t\t\t\t\t<input aria-label=\"Telefono numeris\" inputmode=\"tel\" type=\"text\" name=\"us_form_1_text_2\" value placeholder=\"Telefono numeris\"\/>\r\n\t\t\t<\/div>\r\n\t\t<div class=\"w-form-row-state\">Wype\u0142nij to pole<\/div>\r\n<\/div>\r\n<div class=\"w-form-row for_text cols_2\">\r\n\t\t<div class=\"w-form-row-field\">\r\n\t\t\t\t\t\t<input aria-label=\"U\u017esakymo numeris\" type=\"text\" name=\"us_form_1_text_3\" value placeholder=\"U\u017esakymo numeris\"\/>\r\n\t\t\t<\/div>\r\n\t\t<div class=\"w-form-row-state\">Wype\u0142nij to pole<\/div>\r\n<\/div>\r\n<div class=\"w-form-row for_text\">\r\n\t\t<div class=\"w-form-row-field\">\r\n\t\t\t\t\t\t<input aria-label=\"\u017dinut\u0117s tema\" type=\"text\" name=\"us_form_1_text_4\" value placeholder=\"\u017dinut\u0117s tema\"\/>\r\n\t\t\t<\/div>\r\n\t\t<div class=\"w-form-row-state\">Wype\u0142nij to pole<\/div>\r\n<\/div>\r\n<div class=\"w-form-row for_textarea required\">\r\n\t\t<div class=\"w-form-row-field\">\r\n\t\t\t\t\t\t<textarea aria-label=\"J\u016bs\u0173 \u017einut\u0117\" name=\"us_form_1_textarea_1\" placeholder=\"J\u016bs\u0173 \u017einut\u0117 *\" data-required=\"true\" aria-required=\"true\"><\/textarea>\r\n\t\t\t<\/div>\r\n\t\t<div class=\"w-form-row-state\">Wype\u0142nij to pole<\/div>\r\n<\/div>\r\n<input type=\"hidden\" name=\"action\" value=\"us_ajax_cform\" \/>\r\n<input type=\"hidden\" name=\"post_id\" value=\"0\" \/>\r\n<input type=\"hidden\" name=\"form_index\" value=\"1\" \/>\r\n<div class=\"w-form-row for_submit align_justify\">\r\n\t<button class=\"w-btn  us-btn-style_1\" aria-label=\"Si\u0173sti\" type=\"submit\">\r\n\t\t<span class=\"g-preloader type_1\"><\/span>\r\n\t\t\t\t<span class=\"w-btn-label\">Si\u0173sti<\/span>\r\n\t\t\t<\/button>\r\n\t<\/div>\r\n<\/div><div class=\"w-form-message\"><\/div><div class=\"w-form-json hidden\" onclick='return {&quot;ajaxurl&quot;:&quot;https:\\\/\\\/paramatma.lt\\\/wp-admin\\\/admin-ajax.php&quot;,&quot;messages&quot;:{&quot;err_empty&quot;:&quot;Wype\\u0142nij to pole&quot;,&quot;err_size&quot;:&quot;File size cannot exceed %s MB&quot;,&quot;err_extension&quot;:&quot;Typ pliku %s jest niedozwolony&quot;}}'><\/div><\/form><\/div><\/div><\/div><\/div><\/div><\/section>\n","protected":false},"excerpt":{"rendered":"Kontaktai +370 682 23888Informacija apie u\u017esakymus info@paramatma.ltTurite klausim\u0173? Klausikite! \u012emon\u0117s rekvizitaiBontonas, UAB \u012emon\u0117s kodas: 300089347 PVM kodas: LT100002115210 Wype\u0142nij to pole Prosz\u0119 wpisa\u0107 prawid\u0142owy adres e-mail. Wype\u0142nij to pole Wype\u0142nij to pole Wype\u0142nij to pole Wype\u0142nij to pole Si\u0173sti","protected":false},"author":2,"featured_media":0,"parent":0,"menu_order":0,"comment_status":"closed","ping_status":"closed","template":"","meta":{"_acf_changed":false,"inline_featured_image":false,"footnotes":""},"class_list":["post-1995","page","type-page","status-publish","hentry"],"acf":[],"yoast_head":"<!-- This site is optimized with the Yoast SEO plugin v27.5 - https:\/\/yoast.com\/product\/yoast-seo-wordpress\/ -->\n<title>Kontakt - Paramatma<\/title>\n<meta name=\"robots\" content=\"index, follow, max-snippet:-1, max-image-preview:large, max-video-preview:-1\" \/>\n<link rel=\"canonical\" href=\"https:\/\/paramatma.lt\/pl\/kontakt\/\" \/>\n<meta property=\"og:locale\" content=\"pl_PL\" \/>\n<meta property=\"og:type\" content=\"article\" \/>\n<meta property=\"og:title\" content=\"Kontakt - Paramatma\" \/>\n<meta property=\"og:url\" content=\"https:\/\/paramatma.lt\/pl\/kontakt\/\" \/>\n<meta property=\"og:site_name\" content=\"Paramatma\" \/>\n<meta property=\"article:modified_time\" content=\"2023-12-21T12:07:58+00:00\" \/>\n<meta name=\"twitter:card\" content=\"summary_large_image\" \/>\n<meta name=\"twitter:label1\" content=\"Szacowany czas czytania\" \/>\n\t<meta name=\"twitter:data1\" content=\"1 minuta\" \/>\n<script type=\"application\/ld+json\" class=\"yoast-schema-graph\">{\"@context\":\"https:\\\/\\\/schema.org\",\"@graph\":[{\"@type\":\"WebPage\",\"@id\":\"https:\\\/\\\/paramatma.lt\\\/pl\\\/kontakt\\\/\",\"url\":\"https:\\\/\\\/paramatma.lt\\\/pl\\\/kontakt\\\/\",\"name\":\"Kontakt - Paramatma\",\"isPartOf\":{\"@id\":\"https:\\\/\\\/paramatma.lt\\\/pl\\\/#website\"},\"datePublished\":\"2023-04-18T10:57:16+00:00\",\"dateModified\":\"2023-12-21T12:07:58+00:00\",\"breadcrumb\":{\"@id\":\"https:\\\/\\\/paramatma.lt\\\/pl\\\/kontakt\\\/#breadcrumb\"},\"inLanguage\":\"pl-PL\",\"potentialAction\":[{\"@type\":\"ReadAction\",\"target\":[\"https:\\\/\\\/paramatma.lt\\\/pl\\\/kontakt\\\/\"]}]},{\"@type\":\"BreadcrumbList\",\"@id\":\"https:\\\/\\\/paramatma.lt\\\/pl\\\/kontakt\\\/#breadcrumb\",\"itemListElement\":[{\"@type\":\"ListItem\",\"position\":1,\"name\":\"Home\",\"item\":\"https:\\\/\\\/paramatma.lt\\\/pl\\\/\"},{\"@type\":\"ListItem\",\"position\":2,\"name\":\"Kontakt\"}]},{\"@type\":\"WebSite\",\"@id\":\"https:\\\/\\\/paramatma.lt\\\/pl\\\/#website\",\"url\":\"https:\\\/\\\/paramatma.lt\\\/pl\\\/\",\"name\":\"PARAMATMA\",\"description\":\"Vini\u0173 lentos\",\"potentialAction\":[{\"@type\":\"SearchAction\",\"target\":{\"@type\":\"EntryPoint\",\"urlTemplate\":\"https:\\\/\\\/paramatma.lt\\\/pl\\\/?s={search_term_string}\"},\"query-input\":{\"@type\":\"PropertyValueSpecification\",\"valueRequired\":true,\"valueName\":\"search_term_string\"}}],\"inLanguage\":\"pl-PL\"}]}<\/script>\n<!-- \/ Yoast SEO plugin. -->","yoast_head_json":{"title":"Kontakt - Paramatma","robots":{"index":"index","follow":"follow","max-snippet":"max-snippet:-1","max-image-preview":"max-image-preview:large","max-video-preview":"max-video-preview:-1"},"canonical":"https:\/\/paramatma.lt\/pl\/kontakt\/","og_locale":"pl_PL","og_type":"article","og_title":"Kontakt - Paramatma","og_url":"https:\/\/paramatma.lt\/pl\/kontakt\/","og_site_name":"Paramatma","article_modified_time":"2023-12-21T12:07:58+00:00","twitter_card":"summary_large_image","twitter_misc":{"Szacowany czas czytania":"1 minuta"},"schema":{"@context":"https:\/\/schema.org","@graph":[{"@type":"WebPage","@id":"https:\/\/paramatma.lt\/pl\/kontakt\/","url":"https:\/\/paramatma.lt\/pl\/kontakt\/","name":"Kontakt - Paramatma","isPartOf":{"@id":"https:\/\/paramatma.lt\/pl\/#website"},"datePublished":"2023-04-18T10:57:16+00:00","dateModified":"2023-12-21T12:07:58+00:00","breadcrumb":{"@id":"https:\/\/paramatma.lt\/pl\/kontakt\/#breadcrumb"},"inLanguage":"pl-PL","potentialAction":[{"@type":"ReadAction","target":["https:\/\/paramatma.lt\/pl\/kontakt\/"]}]},{"@type":"BreadcrumbList","@id":"https:\/\/paramatma.lt\/pl\/kontakt\/#breadcrumb","itemListElement":[{"@type":"ListItem","position":1,"name":"Home","item":"https:\/\/paramatma.lt\/pl\/"},{"@type":"ListItem","position":2,"name":"Kontakt"}]},{"@type":"WebSite","@id":"https:\/\/paramatma.lt\/pl\/#website","url":"https:\/\/paramatma.lt\/pl\/","name":"PARAMATMA","description":"Vini\u0173 lentos","potentialAction":[{"@type":"SearchAction","target":{"@type":"EntryPoint","urlTemplate":"https:\/\/paramatma.lt\/pl\/?s={search_term_string}"},"query-input":{"@type":"PropertyValueSpecification","valueRequired":true,"valueName":"search_term_string"}}],"inLanguage":"pl-PL"}]}},"_links":{"self":[{"href":"https:\/\/paramatma.lt\/pl\/wp-json\/wp\/v2\/pages\/1995","targetHints":{"allow":["GET"]}}],"collection":[{"href":"https:\/\/paramatma.lt\/pl\/wp-json\/wp\/v2\/pages"}],"about":[{"href":"https:\/\/paramatma.lt\/pl\/wp-json\/wp\/v2\/types\/page"}],"author":[{"embeddable":true,"href":"https:\/\/paramatma.lt\/pl\/wp-json\/wp\/v2\/users\/2"}],"replies":[{"embeddable":true,"href":"https:\/\/paramatma.lt\/pl\/wp-json\/wp\/v2\/comments?post=1995"}],"version-history":[{"count":5,"href":"https:\/\/paramatma.lt\/pl\/wp-json\/wp\/v2\/pages\/1995\/revisions"}],"predecessor-version":[{"id":2478,"href":"https:\/\/paramatma.lt\/pl\/wp-json\/wp\/v2\/pages\/1995\/revisions\/2478"}],"wp:attachment":[{"href":"https:\/\/paramatma.lt\/pl\/wp-json\/wp\/v2\/media?parent=1995"}],"curies":[{"name":"wp","href":"https:\/\/api.w.org\/{rel}","templated":true}]}}