{"id":2014,"date":"2023-04-18T14:10:28","date_gmt":"2023-04-18T11:10:28","guid":{"rendered":"https:\/\/paramatma.lt\/pristatymo-informacija\/"},"modified":"2023-12-21T13:53:12","modified_gmt":"2023-12-21T10:53:12","slug":"informacje-o-dostawie","status":"publish","type":"page","link":"https:\/\/paramatma.lt\/pl\/informacje-o-dostawie\/","title":{"rendered":"Informacje o dostawie"},"content":{"rendered":"<section class=\"l-section wpb_row height_medium\"><div class=\"l-section-h i-cf\"><div class=\"g-cols vc_row via_flex valign_top type_default stacking_default\"><div class=\"vc_col-sm-12 wpb_column vc_column_container\"><div class=\"vc_column-inner\"><div class=\"wpb_wrapper\"><div class=\"wpb_text_column\"><div class=\"wpb_wrapper\"><p><span style=\"font-weight: 400;\">Towar zam\u00f3wiony zostanie dostarczony pod wskazany adres przez naszych partner\u00f3w Omniva. Dostarczymy towar pod wskazany adres na terenie ca\u0142ej Litwy lub do wybranych automat\u00f3w pocztowych.<\/span><\/p>\n<ul>\n<li style=\"font-weight: 400;\" aria-level=\"1\"><span style=\"font-weight: 400;\">Realizacja zam\u00f3wienia nast\u0119puje w terminie 0-2 dni i przekazywana jest firmom kurierskim<\/span><\/li>\n<li style=\"font-weight: 400;\" aria-level=\"1\"><span style=\"font-weight: 400;\">Firma kurierska zazwyczaj dostarcza towar w ci\u0105gu 1-2 dni.<\/span><\/li>\n<li style=\"font-weight: 400;\" aria-level=\"1\"><span style=\"font-weight: 400;\">Je\u017celi nie posiadamy produktu na magazynie, czas realizacji wynosi do 7 dni roboczych.<\/span><\/li>\n<\/ul>\n<p><b>Szybka dostawa do urz\u0119d\u00f3w pocztowych<\/b><\/p>\n<p><span style=\"font-weight: 400;\">Na stronie zam\u00f3wienia mo\u017cesz wybra\u0107 nast\u0119puj\u0105ce metody dostawy:<\/span><\/p>\n<ul>\n<li style=\"font-weight: 400;\" aria-level=\"1\"><span style=\"font-weight: 400;\">Maszyny pocztowe Omniva \u2013 bezp\u0142atnie<\/span><\/li>\n<\/ul>\n<p><span style=\"font-weight: 400;\">Towar dostarczany jest na poczt\u0119 wybran\u0105 przez kupuj\u0105cego. Zaraz po dostarczeniu paczki do terminala samoobs\u0142ugowego otrzymasz wiadomo\u015b\u0107 SMS.<\/span><\/p>\n<p><b>Towar zostaje dostarczony kupuj\u0105cemu<\/b><\/p>\n<p><span style=\"font-weight: 400;\">Na stronie zam\u00f3wienia mo\u017cesz wybra\u0107 nast\u0119puj\u0105ce metody dostawy, kt\u00f3re zostan\u0105 dostarczone do r\u0105k kupuj\u0105cego:<\/span><\/p>\n<ul>\n<li style=\"font-weight: 400;\" aria-level=\"1\"><span style=\"font-weight: 400;\">Kurierzy Omniva &#8211; Bezp\u0142atnie<\/span><\/li>\n<\/ul>\n<p><span style=\"font-weight: 400;\">Rankiem w dniu dostawy otrzymasz wiadomo\u015b\u0107 SMS z informacj\u0105 o zaplanowanym dor\u0119czeniu Twojej paczki.<\/span><\/p>\n<p><span style=\"font-weight: 400;\">W przypadku dostarczenia przesy\u0142ki kurier kontaktuje si\u0119 telefonicznie z kupuj\u0105cym, ustalaj\u0105c termin i miejsce dostawy.<\/span><\/p>\n<\/div><\/div><\/div><\/div><\/div><\/div><\/div><\/section>\n","protected":false},"excerpt":{"rendered":"Towar zam\u00f3wiony zostanie dostarczony pod wskazany adres przez naszych partner\u00f3w Omniva. Dostarczymy towar pod wskazany adres na terenie ca\u0142ej Litwy lub do wybranych automat\u00f3w pocztowych. Realizacja zam\u00f3wienia nast\u0119puje w terminie 0-2 dni i przekazywana jest firmom kurierskim Firma kurierska zazwyczaj dostarcza towar w ci\u0105gu 1-2 dni. Je\u017celi nie posiadamy produktu na magazynie, czas realizacji wynosi...","protected":false},"author":2,"featured_media":0,"parent":0,"menu_order":0,"comment_status":"closed","ping_status":"closed","template":"","meta":{"_acf_changed":false,"inline_featured_image":false,"footnotes":""},"class_list":["post-2014","page","type-page","status-publish","hentry"],"acf":[],"yoast_head":"<!-- This site is optimized with the Yoast SEO plugin v27.5 - https:\/\/yoast.com\/product\/yoast-seo-wordpress\/ -->\n<title>Informacje o dostawie - Paramatma<\/title>\n<meta name=\"robots\" content=\"index, follow, max-snippet:-1, max-image-preview:large, max-video-preview:-1\" \/>\n<link rel=\"canonical\" href=\"https:\/\/paramatma.lt\/pl\/informacje-o-dostawie\/\" \/>\n<meta property=\"og:locale\" content=\"pl_PL\" \/>\n<meta property=\"og:type\" content=\"article\" \/>\n<meta property=\"og:title\" content=\"Informacje o dostawie - Paramatma\" \/>\n<meta property=\"og:url\" content=\"https:\/\/paramatma.lt\/pl\/informacje-o-dostawie\/\" \/>\n<meta property=\"og:site_name\" content=\"Paramatma\" \/>\n<meta property=\"article:modified_time\" content=\"2023-12-21T10:53:12+00:00\" \/>\n<meta name=\"twitter:card\" content=\"summary_large_image\" \/>\n<meta name=\"twitter:label1\" content=\"Szacowany czas czytania\" \/>\n\t<meta name=\"twitter:data1\" content=\"1 minuta\" \/>\n<script type=\"application\/ld+json\" class=\"yoast-schema-graph\">{\"@context\":\"https:\\\/\\\/schema.org\",\"@graph\":[{\"@type\":\"WebPage\",\"@id\":\"https:\\\/\\\/paramatma.lt\\\/pl\\\/informacje-o-dostawie\\\/\",\"url\":\"https:\\\/\\\/paramatma.lt\\\/pl\\\/informacje-o-dostawie\\\/\",\"name\":\"Informacje o dostawie - Paramatma\",\"isPartOf\":{\"@id\":\"https:\\\/\\\/paramatma.lt\\\/pl\\\/#website\"},\"datePublished\":\"2023-04-18T11:10:28+00:00\",\"dateModified\":\"2023-12-21T10:53:12+00:00\",\"breadcrumb\":{\"@id\":\"https:\\\/\\\/paramatma.lt\\\/pl\\\/informacje-o-dostawie\\\/#breadcrumb\"},\"inLanguage\":\"pl-PL\",\"potentialAction\":[{\"@type\":\"ReadAction\",\"target\":[\"https:\\\/\\\/paramatma.lt\\\/pl\\\/informacje-o-dostawie\\\/\"]}]},{\"@type\":\"BreadcrumbList\",\"@id\":\"https:\\\/\\\/paramatma.lt\\\/pl\\\/informacje-o-dostawie\\\/#breadcrumb\",\"itemListElement\":[{\"@type\":\"ListItem\",\"position\":1,\"name\":\"Home\",\"item\":\"https:\\\/\\\/paramatma.lt\\\/pl\\\/\"},{\"@type\":\"ListItem\",\"position\":2,\"name\":\"Informacje o dostawie\"}]},{\"@type\":\"WebSite\",\"@id\":\"https:\\\/\\\/paramatma.lt\\\/pl\\\/#website\",\"url\":\"https:\\\/\\\/paramatma.lt\\\/pl\\\/\",\"name\":\"PARAMATMA\",\"description\":\"Vini\u0173 lentos\",\"potentialAction\":[{\"@type\":\"SearchAction\",\"target\":{\"@type\":\"EntryPoint\",\"urlTemplate\":\"https:\\\/\\\/paramatma.lt\\\/pl\\\/?s={search_term_string}\"},\"query-input\":{\"@type\":\"PropertyValueSpecification\",\"valueRequired\":true,\"valueName\":\"search_term_string\"}}],\"inLanguage\":\"pl-PL\"}]}<\/script>\n<!-- \/ Yoast SEO plugin. -->","yoast_head_json":{"title":"Informacje o dostawie - Paramatma","robots":{"index":"index","follow":"follow","max-snippet":"max-snippet:-1","max-image-preview":"max-image-preview:large","max-video-preview":"max-video-preview:-1"},"canonical":"https:\/\/paramatma.lt\/pl\/informacje-o-dostawie\/","og_locale":"pl_PL","og_type":"article","og_title":"Informacje o dostawie - Paramatma","og_url":"https:\/\/paramatma.lt\/pl\/informacje-o-dostawie\/","og_site_name":"Paramatma","article_modified_time":"2023-12-21T10:53:12+00:00","twitter_card":"summary_large_image","twitter_misc":{"Szacowany czas czytania":"1 minuta"},"schema":{"@context":"https:\/\/schema.org","@graph":[{"@type":"WebPage","@id":"https:\/\/paramatma.lt\/pl\/informacje-o-dostawie\/","url":"https:\/\/paramatma.lt\/pl\/informacje-o-dostawie\/","name":"Informacje o dostawie - Paramatma","isPartOf":{"@id":"https:\/\/paramatma.lt\/pl\/#website"},"datePublished":"2023-04-18T11:10:28+00:00","dateModified":"2023-12-21T10:53:12+00:00","breadcrumb":{"@id":"https:\/\/paramatma.lt\/pl\/informacje-o-dostawie\/#breadcrumb"},"inLanguage":"pl-PL","potentialAction":[{"@type":"ReadAction","target":["https:\/\/paramatma.lt\/pl\/informacje-o-dostawie\/"]}]},{"@type":"BreadcrumbList","@id":"https:\/\/paramatma.lt\/pl\/informacje-o-dostawie\/#breadcrumb","itemListElement":[{"@type":"ListItem","position":1,"name":"Home","item":"https:\/\/paramatma.lt\/pl\/"},{"@type":"ListItem","position":2,"name":"Informacje o dostawie"}]},{"@type":"WebSite","@id":"https:\/\/paramatma.lt\/pl\/#website","url":"https:\/\/paramatma.lt\/pl\/","name":"PARAMATMA","description":"Vini\u0173 lentos","potentialAction":[{"@type":"SearchAction","target":{"@type":"EntryPoint","urlTemplate":"https:\/\/paramatma.lt\/pl\/?s={search_term_string}"},"query-input":{"@type":"PropertyValueSpecification","valueRequired":true,"valueName":"search_term_string"}}],"inLanguage":"pl-PL"}]}},"_links":{"self":[{"href":"https:\/\/paramatma.lt\/pl\/wp-json\/wp\/v2\/pages\/2014","targetHints":{"allow":["GET"]}}],"collection":[{"href":"https:\/\/paramatma.lt\/pl\/wp-json\/wp\/v2\/pages"}],"about":[{"href":"https:\/\/paramatma.lt\/pl\/wp-json\/wp\/v2\/types\/page"}],"author":[{"embeddable":true,"href":"https:\/\/paramatma.lt\/pl\/wp-json\/wp\/v2\/users\/2"}],"replies":[{"embeddable":true,"href":"https:\/\/paramatma.lt\/pl\/wp-json\/wp\/v2\/comments?post=2014"}],"version-history":[{"count":2,"href":"https:\/\/paramatma.lt\/pl\/wp-json\/wp\/v2\/pages\/2014\/revisions"}],"predecessor-version":[{"id":2437,"href":"https:\/\/paramatma.lt\/pl\/wp-json\/wp\/v2\/pages\/2014\/revisions\/2437"}],"wp:attachment":[{"href":"https:\/\/paramatma.lt\/pl\/wp-json\/wp\/v2\/media?parent=2014"}],"curies":[{"name":"wp","href":"https:\/\/api.w.org\/{rel}","templated":true}]}}