{"id":2020,"date":"2023-04-18T14:10:46","date_gmt":"2023-04-18T11:10:46","guid":{"rendered":"https:\/\/paramatma.lt\/privatumo-politika\/"},"modified":"2023-12-21T14:03:55","modified_gmt":"2023-12-21T11:03:55","slug":"polityka-prywatnosci","status":"publish","type":"page","link":"https:\/\/paramatma.lt\/pl\/polityka-prywatnosci\/","title":{"rendered":"Polityka prywatno\u015bci"},"content":{"rendered":"<section class=\"l-section wpb_row privatumo-politika vidiniai-tekstai height_medium\"><div class=\"l-section-h i-cf\"><div class=\"g-cols vc_row via_flex valign_top type_default stacking_default\"><div class=\"vc_col-sm-12 wpb_column vc_column_container\"><div class=\"vc_column-inner\"><div class=\"wpb_wrapper\"><div class=\"wpb_text_column\"><div class=\"wpb_wrapper\"><p><span style=\"font-weight: 400;\">Polityka prywatno\u015bci Paramatmashop.pl opisuje, jakie informacje zbieramy i jak je wykorzystujemy.<\/span><\/p>\n<ol>\n<li><b> Jakie informacje zbieramy?<\/b><\/li>\n<\/ol>\n<p><span style=\"font-weight: 400;\">Mo\u017cemy gromadzi\u0107, przechowywa\u0107 i wykorzystywa\u0107 nast\u0119puj\u0105ce rodzaje informacji:<\/span><\/p>\n<ul>\n<li style=\"font-weight: 400;\" aria-level=\"1\"><span style=\"font-weight: 400;\">Informacje o Twoim urz\u0105dzeniu, odwiedzinach i korzystaniu ze sklepu internetowego Paramatmashop.pl (m.in. adres IP, po\u0142o\u017cenie geograficzne, typ przegl\u0105darki, sk\u0105d nast\u0105pi\u0142o przekierowanie, czas trwania wizyty, liczba ods\u0142on);<\/span><\/li>\n<li style=\"font-weight: 400;\" aria-level=\"1\"><span style=\"font-weight: 400;\">Informacje, kt\u00f3re nam przekazujesz przy zamawianiu towaru w naszym sklepie internetowym, w wiadomo\u015bciach e-mail. poczt\u0105 i\/lub biuletynami;<\/span><\/li>\n<li style=\"font-weight: 400;\" aria-level=\"1\"><span style=\"font-weight: 400;\">Wszelkie inne informacje, kt\u00f3re zdecydujesz si\u0119 nam przes\u0142a\u0107.<\/span><\/li>\n<\/ul>\n<ol start=\"2\">\n<li><b> Internetowe pliki cookie<\/b><\/li>\n<\/ol>\n<p><span style=\"font-weight: 400;\">Plik cookie sk\u0142ada si\u0119 z informacji wysy\u0142anych przez stacj\u0119 us\u0142ug sieciowych do przegl\u0105darki internetowej i przechowywanych przez przegl\u0105dark\u0119. Informacje te s\u0105 nast\u0119pnie wysy\u0142ane z powrotem do serwera za ka\u017cdym razem, gdy przegl\u0105darka \u017c\u0105da strony z tego serwera. Dzi\u0119ki temu stacja obs\u0142ugi sieci mo\u017ce zidentyfikowa\u0107 i \u015bledzi\u0107 przegl\u0105dark\u0119 internetow\u0105.<\/span><\/p>\n<p><span style=\"font-weight: 400;\">Do analizy korzystania z tej strony internetowej wykorzystujemy Google Analytics i piksel Facebooka. Us\u0142ugi te generuj\u0105 informacje statystyczne i inne na temat korzystania ze strony internetowej za pomoc\u0105 plik\u00f3w cookies, kt\u00f3re s\u0105 zapisywane w przegl\u0105darkach u\u017cytkownik\u00f3w. Informacje generowane w zwi\u0105zku z nasz\u0105 witryn\u0105 s\u0142u\u017c\u0105 do tworzenia raport\u00f3w dotycz\u0105cych korzystania z tej witryny. Informacje te b\u0119d\u0105 przechowywane przez Google i Facebook.<\/span><\/p>\n<p><span style=\"font-weight: 400;\">Polityka prywatno\u015bci Facebooka dost\u0119pna jest tutaj: <\/span><span style=\"font-weight: 400;\">https:\/\/www.facebook.com\/privacy<\/span><\/p>\n<p><span style=\"font-weight: 400;\">Polityka prywatno\u015bci Google jest dost\u0119pna tutaj: <\/span><a href=\"https:\/\/policies.google.com\/privacy\"><span style=\"font-weight: 400;\">https:\/\/policies.google.com\/privacy<\/span><span style=\"font-weight: 400;\"><br \/>\n<\/span><span style=\"font-weight: 400;\"><br \/>\n<\/span><\/a><span style=\"font-weight: 400;\">Aby okre\u015bli\u0107 Twoje zainteresowania, Google b\u0119dzie \u015bledzi\u0107 Twoje zachowanie online za pomoc\u0105 plik\u00f3w cookie. Mo\u017cesz przegl\u0105da\u0107, usuwa\u0107 i dodawa\u0107 kategorie zainteresowa\u0144 powi\u0105zane z Twoj\u0105 przegl\u0105dark\u0105 za pomoc\u0105 Mened\u017cera preferencji Google Ads, kt\u00f3ry znajdziesz <\/span><a href=\"https:\/\/context.reverso.net\/t%C5%82umaczenie\/polski-angielski\/klikaj%C4%85c+tutaj\"><span style=\"font-weight: 400;\">klikaj\u0105c tutaj.<\/span><span style=\"font-weight: 400;\"><br \/>\n<\/span><span style=\"font-weight: 400;\"><br \/>\n<\/span><\/a><span style=\"font-weight: 400;\">Aby mie\u0107 pewno\u015b\u0107, \u017ce rezygnacja zostanie zapisana dla konkretnej przegl\u0105darki, nale\u017cy skorzysta\u0107 z wtyczki do przegl\u0105darki Google, kt\u00f3r\u0105 znajdziesz <\/span><a href=\"http:\/\/support.google.com\"><span style=\"font-weight: 400;\">klikaj\u0105c tutaj.<\/span><\/a><\/p>\n<p><span style=\"font-weight: 400;\">Korzystamy r\u00f3wnie\u017c z Hotjar, aby lepiej zrozumie\u0107 potrzeby naszych u\u017cytkownik\u00f3w i zoptymalizowa\u0107 t\u0119 us\u0142ug\u0119 i do\u015bwiadczenie. Hotjar to us\u0142uga technologiczna, kt\u00f3ra pomaga nam lepiej zrozumie\u0107 dzia\u0142ania i do\u015bwiadczenia naszych klient\u00f3w. Hotjar wykorzystuje pliki cookie i inne technologie w celu gromadzenia danych o korzystaniu przez naszych klient\u00f3w z naszej witryny internetowej i ich urz\u0105dze\u0144. Hotjar przechowuje te informacje na pseudonimizowanym koncie u\u017cytkownika. Ani Hotjar, ani my nigdy nie wykorzystamy tych informacji do identyfikacji poszczeg\u00f3lnych u\u017cytkownik\u00f3w ani por\u00f3wnania tych informacji z innymi danymi dotycz\u0105cymi poszczeg\u00f3lnych u\u017cytkownik\u00f3w. Wi\u0119cej informacji znajdziesz w polityce prywatno\u015bci Hotjar <\/span><a href=\"https:\/\/www.hotjar.com\/legal\/policies\/privacy\/\"><span style=\"font-weight: 400;\">klikaj\u0105c w ten link.<\/span><span style=\"font-weight: 400;\"><br \/>\n<\/span><span style=\"font-weight: 400;\"><br \/>\n<\/span><\/a><span style=\"font-weight: 400;\">Wi\u0119kszo\u015b\u0107 przegl\u0105darek internetowych umo\u017cliwia zarz\u0105dzanie zapisanymi plikami cookies. Zapewniamy instrukcje dotycz\u0105ce r\u0119cznego zarz\u0105dzania i\/lub usuwania plik\u00f3w cookie w przegl\u0105darce internetowej:<\/span><\/p>\n<ul>\n<li style=\"font-weight: 400;\" aria-level=\"1\"><span style=\"font-weight: 400;\">Google Chrome <\/span><a href=\"https:\/\/support.google.com\/chrome\/answer\/95647?co=GENIE.Platform%3DDesktop&amp;hl=lt\" target=\"_blank\" rel=\"noopener\"><span style=\"font-weight: 400;\">instrukcje<\/span><\/a><\/li>\n<li style=\"font-weight: 400;\" aria-level=\"1\"><span style=\"font-weight: 400;\">Safari <\/span><a href=\"https:\/\/support.apple.com\/guide\/safari\/manage-cookies-and-website-data-sfri11471\/mac\"><span style=\"font-weight: 400;\">instrukcje<\/span><\/a><\/li>\n<li style=\"font-weight: 400;\" aria-level=\"1\"><span style=\"font-weight: 400;\">Mozilla Firefox <\/span><a href=\"https:\/\/support.mozilla.org\/lt\/kb\/Slapuk%C5%B3%20%C5%A1alinimas\"><span style=\"font-weight: 400;\">instrukcje<\/span><\/a><\/li>\n<li style=\"font-weight: 400;\" aria-level=\"1\"><span style=\"font-weight: 400;\">Opera<\/span><a href=\"https:\/\/www.opera.com\/case-studies\/clean-browser-and-remove-trackers\" target=\"_blank\" rel=\"noopener\"><span style=\"font-weight: 400;\"> instrukcje<\/span><\/a><span style=\"font-weight: 400;\">\u00a0<\/span><\/li>\n<li style=\"font-weight: 400;\" aria-level=\"1\"><span style=\"font-weight: 400;\">Internet Explorer<\/span> <a href=\"https:\/\/support.microsoft.com\/lt-lt\/topic\/slapuk%C5%B3-naikinimas-ir-valdymas-168dab11-0753-043d-7c16-ede5947fc64d\" target=\"_blank\" rel=\"noopener\"><span style=\"font-weight: 400;\">instrukcje<\/span><\/a><\/li>\n<li style=\"font-weight: 400;\" aria-level=\"1\"><span style=\"font-weight: 400;\">Microsoft Edge<\/span> <a href=\"https:\/\/support.microsoft.com\/lt-lt\/microsoft-edge\/slapuk%C5%B3-naikinimas-microsoft-edge-63947406-40ac-c3b8-57b9-2a946a29ae09\" target=\"_blank\" rel=\"noopener\"><span style=\"font-weight: 400;\">instrukcje<\/span><\/a><\/li>\n<\/ul>\n<p><span style=\"font-weight: 400;\">Zablokowanie wszystkich plik\u00f3w cookies mo\u017ce jednak mie\u0107 negatywny wp\u0142yw na pe\u0142n\u0105 funkcjonalno\u015b\u0107 stron internetowych, w tym serwisu Paramatmashop.pl.<\/span><\/p>\n<ol start=\"3\">\n<li><b> Wykorzystanie Twoich danych osobowych<\/b><\/li>\n<\/ol>\n<p><span style=\"font-weight: 400;\">Dane osobowe podane na tej stronie internetowej Paramatmashop.pl b\u0119d\u0105 wykorzystywane do cel\u00f3w okre\u015blonych w niniejszej polityce prywatno\u015bci lub odpowiednich cz\u0119\u015bciach tej witryny. Mo\u017cemy wykorzystywa\u0107 Twoje dane osobowe w nast\u0119puj\u0105cych celach:<\/span><\/p>\n<ul>\n<li style=\"font-weight: 400;\" aria-level=\"1\"><span style=\"font-weight: 400;\">w celu administrowania stron\u0105 internetow\u0105 Paramatmashop.pl;<\/span><\/li>\n<li style=\"font-weight: 400;\" aria-level=\"1\"><span style=\"font-weight: 400;\">Aby realizowa\u0107 zam\u00f3wienia;<\/span><\/li>\n<li style=\"font-weight: 400;\" aria-level=\"1\"><span style=\"font-weight: 400;\">Aby poprawi\u0107 jako\u015b\u0107 przegl\u0105dania poprzez personalizacj\u0119 tej witryny;<\/span><\/li>\n<li style=\"font-weight: 400;\" aria-level=\"1\"><span style=\"font-weight: 400;\">Za Twoj\u0105 zgod\u0105 na przesy\u0142anie Ci e-maila przesy\u0142amy Ci nasz newsletter, kt\u00f3ry naszym zdaniem mo\u017ce Ci\u0119 zainteresowa\u0107 (mo\u017cesz nas o tym w ka\u017cdej chwili poinformowa\u0107, je\u015bli nie chcesz ju\u017c, aby newsletter by\u0142 Ci wysy\u0142any);<\/span><\/li>\n<li style=\"font-weight: 400;\" aria-level=\"1\"><span style=\"font-weight: 400;\">Przekazuj informacje statystyczne o naszych u\u017cytkownikach stronom trzecim, ale informacje te nie b\u0119d\u0105 wykorzystywane do identyfikacji \u017cadnego indywidualnego u\u017cytkownika;<\/span><\/li>\n<\/ul>\n<p><span style=\"font-weight: 400;\">Bez Twojej wyra\u017anej zgody nie udost\u0119pnimy Twoich danych osobowych podmiotom trzecim w celach marketingu bezpo\u015bredniego.<\/span><\/p>\n<p><span style=\"font-weight: 400;\">W celu usuni\u0119cia wszystkich Twoich danych osobowych ze strony Paramatmashop.pl prosimy o kontakt poprzez formularz kontaktowy.<\/span><\/p>\n<ol start=\"4\">\n<li><b> Zmiany Polityki<\/b><\/li>\n<\/ol>\n<p><span style=\"font-weight: 400;\">Mo\u017cemy od czasu do czasu aktualizowa\u0107 niniejsz\u0105 polityk\u0119 prywatno\u015bci, publikuj\u0105c now\u0105 wersj\u0119 na naszej stronie internetowej. Powiniene\u015b od czasu do czasu przegl\u0105da\u0107 t\u0119 stron\u0119, aby upewni\u0107 si\u0119, \u017ce jeste\u015b zadowolony z aktualnej lub zaktualizowanej polityki prywatno\u015bci Paramatmashop.pl.<\/span><\/p>\n<p><span style=\"font-weight: 400;\">Zaktualizowano 01.08.2023<\/span><\/p>\n<\/div><\/div><\/div><\/div><\/div><\/div><\/div><\/section>\n","protected":false},"excerpt":{"rendered":"Polityka prywatno\u015bci Paramatmashop.pl opisuje, jakie informacje zbieramy i jak je wykorzystujemy. Jakie informacje zbieramy? Mo\u017cemy gromadzi\u0107, przechowywa\u0107 i wykorzystywa\u0107 nast\u0119puj\u0105ce rodzaje informacji: Informacje o Twoim urz\u0105dzeniu, odwiedzinach i korzystaniu ze sklepu internetowego Paramatmashop.pl (m.in. adres IP, po\u0142o\u017cenie geograficzne, typ przegl\u0105darki, sk\u0105d nast\u0105pi\u0142o przekierowanie, czas trwania wizyty, liczba ods\u0142on); Informacje, kt\u00f3re nam przekazujesz przy zamawianiu towaru...","protected":false},"author":2,"featured_media":0,"parent":0,"menu_order":0,"comment_status":"closed","ping_status":"closed","template":"","meta":{"_acf_changed":false,"inline_featured_image":false,"footnotes":""},"class_list":["post-2020","page","type-page","status-publish","hentry"],"acf":[],"yoast_head":"<!-- This site is optimized with the Yoast SEO plugin v27.5 - https:\/\/yoast.com\/product\/yoast-seo-wordpress\/ -->\n<title>Polityka prywatno\u015bci - Paramatma<\/title>\n<meta name=\"robots\" content=\"index, follow, max-snippet:-1, max-image-preview:large, max-video-preview:-1\" \/>\n<link rel=\"canonical\" href=\"https:\/\/paramatma.lt\/pl\/polityka-prywatnosci\/\" \/>\n<meta property=\"og:locale\" content=\"pl_PL\" \/>\n<meta property=\"og:type\" content=\"article\" \/>\n<meta property=\"og:title\" content=\"Polityka prywatno\u015bci - Paramatma\" \/>\n<meta property=\"og:url\" content=\"https:\/\/paramatma.lt\/pl\/polityka-prywatnosci\/\" \/>\n<meta property=\"og:site_name\" content=\"Paramatma\" \/>\n<meta property=\"article:modified_time\" content=\"2023-12-21T11:03:55+00:00\" \/>\n<meta name=\"twitter:card\" content=\"summary_large_image\" \/>\n<meta name=\"twitter:label1\" content=\"Szacowany czas czytania\" \/>\n\t<meta name=\"twitter:data1\" content=\"4 minuty\" \/>\n<script type=\"application\/ld+json\" class=\"yoast-schema-graph\">{\"@context\":\"https:\\\/\\\/schema.org\",\"@graph\":[{\"@type\":\"WebPage\",\"@id\":\"https:\\\/\\\/paramatma.lt\\\/pl\\\/polityka-prywatnosci\\\/\",\"url\":\"https:\\\/\\\/paramatma.lt\\\/pl\\\/polityka-prywatnosci\\\/\",\"name\":\"Polityka prywatno\u015bci - Paramatma\",\"isPartOf\":{\"@id\":\"https:\\\/\\\/paramatma.lt\\\/pl\\\/#website\"},\"datePublished\":\"2023-04-18T11:10:46+00:00\",\"dateModified\":\"2023-12-21T11:03:55+00:00\",\"breadcrumb\":{\"@id\":\"https:\\\/\\\/paramatma.lt\\\/pl\\\/polityka-prywatnosci\\\/#breadcrumb\"},\"inLanguage\":\"pl-PL\",\"potentialAction\":[{\"@type\":\"ReadAction\",\"target\":[\"https:\\\/\\\/paramatma.lt\\\/pl\\\/polityka-prywatnosci\\\/\"]}]},{\"@type\":\"BreadcrumbList\",\"@id\":\"https:\\\/\\\/paramatma.lt\\\/pl\\\/polityka-prywatnosci\\\/#breadcrumb\",\"itemListElement\":[{\"@type\":\"ListItem\",\"position\":1,\"name\":\"Home\",\"item\":\"https:\\\/\\\/paramatma.lt\\\/pl\\\/\"},{\"@type\":\"ListItem\",\"position\":2,\"name\":\"Polityka prywatno\u015bci\"}]},{\"@type\":\"WebSite\",\"@id\":\"https:\\\/\\\/paramatma.lt\\\/pl\\\/#website\",\"url\":\"https:\\\/\\\/paramatma.lt\\\/pl\\\/\",\"name\":\"PARAMATMA\",\"description\":\"Vini\u0173 lentos\",\"potentialAction\":[{\"@type\":\"SearchAction\",\"target\":{\"@type\":\"EntryPoint\",\"urlTemplate\":\"https:\\\/\\\/paramatma.lt\\\/pl\\\/?s={search_term_string}\"},\"query-input\":{\"@type\":\"PropertyValueSpecification\",\"valueRequired\":true,\"valueName\":\"search_term_string\"}}],\"inLanguage\":\"pl-PL\"}]}<\/script>\n<!-- \/ Yoast SEO plugin. -->","yoast_head_json":{"title":"Polityka prywatno\u015bci - Paramatma","robots":{"index":"index","follow":"follow","max-snippet":"max-snippet:-1","max-image-preview":"max-image-preview:large","max-video-preview":"max-video-preview:-1"},"canonical":"https:\/\/paramatma.lt\/pl\/polityka-prywatnosci\/","og_locale":"pl_PL","og_type":"article","og_title":"Polityka prywatno\u015bci - Paramatma","og_url":"https:\/\/paramatma.lt\/pl\/polityka-prywatnosci\/","og_site_name":"Paramatma","article_modified_time":"2023-12-21T11:03:55+00:00","twitter_card":"summary_large_image","twitter_misc":{"Szacowany czas czytania":"4 minuty"},"schema":{"@context":"https:\/\/schema.org","@graph":[{"@type":"WebPage","@id":"https:\/\/paramatma.lt\/pl\/polityka-prywatnosci\/","url":"https:\/\/paramatma.lt\/pl\/polityka-prywatnosci\/","name":"Polityka prywatno\u015bci - Paramatma","isPartOf":{"@id":"https:\/\/paramatma.lt\/pl\/#website"},"datePublished":"2023-04-18T11:10:46+00:00","dateModified":"2023-12-21T11:03:55+00:00","breadcrumb":{"@id":"https:\/\/paramatma.lt\/pl\/polityka-prywatnosci\/#breadcrumb"},"inLanguage":"pl-PL","potentialAction":[{"@type":"ReadAction","target":["https:\/\/paramatma.lt\/pl\/polityka-prywatnosci\/"]}]},{"@type":"BreadcrumbList","@id":"https:\/\/paramatma.lt\/pl\/polityka-prywatnosci\/#breadcrumb","itemListElement":[{"@type":"ListItem","position":1,"name":"Home","item":"https:\/\/paramatma.lt\/pl\/"},{"@type":"ListItem","position":2,"name":"Polityka prywatno\u015bci"}]},{"@type":"WebSite","@id":"https:\/\/paramatma.lt\/pl\/#website","url":"https:\/\/paramatma.lt\/pl\/","name":"PARAMATMA","description":"Vini\u0173 lentos","potentialAction":[{"@type":"SearchAction","target":{"@type":"EntryPoint","urlTemplate":"https:\/\/paramatma.lt\/pl\/?s={search_term_string}"},"query-input":{"@type":"PropertyValueSpecification","valueRequired":true,"valueName":"search_term_string"}}],"inLanguage":"pl-PL"}]}},"_links":{"self":[{"href":"https:\/\/paramatma.lt\/pl\/wp-json\/wp\/v2\/pages\/2020","targetHints":{"allow":["GET"]}}],"collection":[{"href":"https:\/\/paramatma.lt\/pl\/wp-json\/wp\/v2\/pages"}],"about":[{"href":"https:\/\/paramatma.lt\/pl\/wp-json\/wp\/v2\/types\/page"}],"author":[{"embeddable":true,"href":"https:\/\/paramatma.lt\/pl\/wp-json\/wp\/v2\/users\/2"}],"replies":[{"embeddable":true,"href":"https:\/\/paramatma.lt\/pl\/wp-json\/wp\/v2\/comments?post=2020"}],"version-history":[{"count":4,"href":"https:\/\/paramatma.lt\/pl\/wp-json\/wp\/v2\/pages\/2020\/revisions"}],"predecessor-version":[{"id":2444,"href":"https:\/\/paramatma.lt\/pl\/wp-json\/wp\/v2\/pages\/2020\/revisions\/2444"}],"wp:attachment":[{"href":"https:\/\/paramatma.lt\/pl\/wp-json\/wp\/v2\/media?parent=2020"}],"curies":[{"name":"wp","href":"https:\/\/api.w.org\/{rel}","templated":true}]}}