{"id":2026,"date":"2023-04-18T13:03:19","date_gmt":"2023-04-18T10:03:19","guid":{"rendered":"https:\/\/paramatma.lt\/salygos-ir-taisykles\/"},"modified":"2023-12-21T14:12:21","modified_gmt":"2023-12-21T11:12:21","slug":"regulamin","status":"publish","type":"page","link":"https:\/\/paramatma.lt\/pl\/regulamin\/","title":{"rendered":"Regulamin"},"content":{"rendered":"<h4><b>Dostawa<\/b><\/h4>\n<p><span style=\"font-weight: 400;\">Towar zam\u00f3wiony na Paramatma.lt zostanie dostarczony pod wskazany adres przez naszych partner\u00f3w Omniva. Dostarczymy towar pod wskazany adres na terenie ca\u0142ej Litwy lub do wybranych automat\u00f3w pocztowych.<\/span><\/p>\n<ul>\n<li style=\"font-weight: 400;\" aria-level=\"1\"><span style=\"font-weight: 400;\">Realizacja zam\u00f3wienia nast\u0119puje w terminie 0-2 dni i przekazywana jest firmom kurierskim<\/span><\/li>\n<li style=\"font-weight: 400;\" aria-level=\"1\"><span style=\"font-weight: 400;\">Firma kurierska zazwyczaj dostarcza towar w ci\u0105gu 1-2 dni.<\/span><\/li>\n<li style=\"font-weight: 400;\" aria-level=\"1\"><span style=\"font-weight: 400;\">Je\u017celi nie posiadamy produktu na magazynie, czas realizacji wynosi do 7 dni roboczych.<\/span><\/li>\n<\/ul>\n<p><b>Szybka dostawa do urz\u0119d\u00f3w pocztowych<\/b><\/p>\n<p><span style=\"font-weight: 400;\">Na stronie zam\u00f3wienia mo\u017cesz wybra\u0107 nast\u0119puj\u0105ce metody dostawy:<\/span><\/p>\n<ul>\n<li style=\"font-weight: 400;\" aria-level=\"1\"><span style=\"font-weight: 400;\">Maszyny pocztowe Omniva \u2013 bezp\u0142atnie<\/span><\/li>\n<\/ul>\n<p><span style=\"font-weight: 400;\">Towar dostarczany jest na poczt\u0119 wybran\u0105 przez kupuj\u0105cego. Zaraz po dostarczeniu paczki do terminala samoobs\u0142ugowego otrzymasz wiadomo\u015b\u0107 SMS.<\/span><\/p>\n<p><b>Towar zostaje dostarczony kupuj\u0105cemu<\/b><\/p>\n<p><span style=\"font-weight: 400;\">Na stronie zam\u00f3wienia mo\u017cesz wybra\u0107 nast\u0119puj\u0105ce metody dostawy, kt\u00f3re zostan\u0105 dostarczone do r\u0105k kupuj\u0105cego:<\/span><\/p>\n<ul>\n<li style=\"font-weight: 400;\" aria-level=\"1\"><span style=\"font-weight: 400;\">Kurierzy Omniva &#8211; Bezp\u0142atnie<\/span><\/li>\n<\/ul>\n<p><span style=\"font-weight: 400;\">Rankiem w dniu dostawy otrzymasz wiadomo\u015b\u0107 SMS z informacj\u0105 o zaplanowanym dor\u0119czeniu Twojej paczki.<\/span><\/p>\n<p><span style=\"font-weight: 400;\">W przypadku dostarczenia przesy\u0142ki kurier kontaktuje si\u0119 telefonicznie z kupuj\u0105cym, ustalaj\u0105c termin i miejsce dostawy.<\/span><\/p>\n<h4><b>Zwroty i wymiany<\/b><\/h4>\n<ol>\n<li><span style=\"font-weight: 400;\"> Zwrot zakupionego towaru przez kupuj\u0105cego nast\u0119puje zgodnie z Kodeksem Cywilnym Republiki Litewskiej z 2001 r. 17 sierpnia Na mocy zarz\u0105dzenia Ministra Gospodarki Republiki Litewskiej nr. 258 \u201eW sprawie zatwierdzenia regulaminu sprzeda\u017cy towar\u00f3w i \u015bwiadczenia us\u0142ug w przypadku um\u00f3w zawieranych przy wykorzystaniu \u015brodk\u00f3w komunikacji\u201d, 2001 r. 29 czerwca Zarz\u0105dzeniem Ministra Gospodarki Republiki Litewskiej nr 258. 217 \u201eW sprawie zatwierdzenia zasad zwrotu i wymiany rzeczy\u201d, z wyj\u0105tkiem przypadk\u00f3w, w kt\u00f3rych umowa nie mo\u017ce zosta\u0107 anulowana zgodnie z prawem Republiki Litewskiej.<\/span><\/li>\n<li><span style=\"font-weight: 400;\"> W celu zwrotu towaru na podstawie ust. 1 Regulaminu Kupuj\u0105cy mo\u017ce to zrobi\u0107 w terminie 14 (czternastu) dni roboczych od dnia dostarczenia towaru Kupuj\u0105cemu, informuj\u0105c o tym Sprzedawc\u0119 za po\u015brednictwem korespondencj\u0119 okre\u015blon\u0105 w cz\u0119\u015bci kontaktowej, podaj\u0105c nazw\u0119 zwracanego produktu, numer zam\u00f3wienia oraz pow\u00f3d zwrotu.<\/span><\/li>\n<li><span style=\"font-weight: 400;\"> Zwracaj\u0105c towar kupuj\u0105cemu nale\u017cy spe\u0142ni\u0107 nast\u0119puj\u0105ce warunki:<\/span><\/li>\n<\/ol>\n<p><span style=\"font-weight: 400;\">3.1. Zwracany towar musi znajdowa\u0107 si\u0119 w oryginalnym, schludnym i nieuszkodzonym opakowaniu;<\/span><\/p>\n<p><span style=\"font-weight: 400;\">3.2. Produkt musi by\u0107 w stanie nieuszkodzonym przez Kupuj\u0105cego;<\/span><\/p>\n<p><span style=\"font-weight: 400;\">3.3. Produkt musi by\u0107 nieu\u017cywany, nie mog\u0105cy utraci\u0107 swojego wygl\u0105du handlowego (etykieta nienaruszona, folia ochronna nie oderwana itp.) (klauzula ta nie ma zastosowania w przypadku zwrotu wadliwego produktu);<\/span><\/p>\n<p><span style=\"font-weight: 400;\">3.4. Zwracany przedmiot musi znajdowa\u0107 si\u0119 w tym samym opakowaniu, w jakim otrzyma\u0142 go Kupuj\u0105cy.<\/span><\/p>\n<ol start=\"4\">\n<li><span style=\"font-weight: 400;\"> Sprzedaj\u0105cy ma prawo nie przyj\u0105\u0107 towaru zwr\u00f3conego przez Kupuj\u0105cego, je\u017celi Kupuj\u0105cy nie zastosuje si\u0119 do procedury zwrotu towaru okre\u015blonej w art. 3.<\/span><\/li>\n<li><span style=\"font-weight: 400;\"> W przypadku zwrotu niew\u0142a\u015bciwego i\/lub niskiej jako\u015bci produktu, Sprzedawca zobowi\u0105zuje si\u0119 przyj\u0105\u0107 takie produkty i zast\u0105pi\u0107 je podobnymi, odpowiednimi produktami.<\/span><\/li>\n<li><span style=\"font-weight: 400;\"> W przypadku, gdy Sprzedaj\u0105cy nie posiada towaru nadaj\u0105cego si\u0119 do wymiany, zap\u0142acona kwota zostanie Kupuj\u0105cemu zwr\u00f3cona, bez koszt\u00f3w dostawy.<\/span><\/li>\n<li><span style=\"font-weight: 400;\"> We wszystkich przypadkach pieni\u0105dze za zwr\u00f3cony towar przekazywane s\u0105 wy\u0142\u0105cznie na rachunek bankowy p\u0142atnika, chyba \u017ce Kupuj\u0105cy i Sprzedaj\u0105cy uzgodni\u0105 inaczej.<\/span><\/li>\n<li><span style=\"font-weight: 400;\"> We wszystkich przypadkach kupuj\u0105cy przy zwrocie towaru dostarcza towar do siedziby Sprzedaj\u0105cego na w\u0142asny koszt.<\/span><\/li>\n<\/ol>\n<p><b>Aby zwr\u00f3ci\u0107 towar skontaktuj si\u0119 z nami poprzez formularz kontaktowy na stronie kontaktowej wybieraj\u0105c temat: &#8222;Zwrot lub wymiana&#8221;<\/b><\/p>\n<p><span style=\"font-weight: 400;\">Prosz\u0119 poda\u0107 nast\u0119puj\u0105ce informacje:<\/span><\/p>\n<ul>\n<li style=\"font-weight: 400;\" aria-level=\"1\"><span style=\"font-weight: 400;\">Numer zam\u00f3wienia;<\/span><\/li>\n<li style=\"font-weight: 400;\" aria-level=\"1\"><span style=\"font-weight: 400;\">Nazwa produktu;<\/span><\/li>\n<li style=\"font-weight: 400;\" aria-level=\"1\"><span style=\"font-weight: 400;\">Pow\u00f3d zwrotu;<\/span><\/li>\n<li style=\"font-weight: 400;\" aria-level=\"1\"><span style=\"font-weight: 400;\">Dodatkowo w razie potrzeby dow\u00f3d wp\u0142aty i zdj\u0119cia produkt\u00f3w;<\/span><\/li>\n<\/ul>\n<p><span style=\"font-weight: 400;\">Po otrzymaniu Twojego powiadomienia dotycz\u0105cego zwrotu lub wymiany skontaktujemy si\u0119 z Tob\u0105 osobi\u015bcie i koordynujemy procedur\u0119 zwrotu.<\/span><\/p>\n","protected":false},"excerpt":{"rendered":"<p>Dostawa Towar zam\u00f3wiony na Paramatma.lt zostanie dostarczony pod wskazany adres przez naszych partner\u00f3w Omniva. Dostarczymy towar pod wskazany adres na terenie ca\u0142ej Litwy lub do wybranych automat\u00f3w pocztowych. Realizacja zam\u00f3wienia nast\u0119puje w terminie 0-2 dni i przekazywana jest firmom kurierskim Firma kurierska zazwyczaj dostarcza towar w ci\u0105gu 1-2 dni. Je\u017celi nie posiadamy produktu na magazynie,&#8230;<\/p>\n","protected":false},"author":2,"featured_media":0,"parent":0,"menu_order":0,"comment_status":"closed","ping_status":"closed","template":"","meta":{"_acf_changed":false,"inline_featured_image":false,"footnotes":""},"class_list":["post-2026","page","type-page","status-publish","hentry"],"acf":[],"yoast_head":"<!-- This site is optimized with the Yoast SEO plugin v27.5 - https:\/\/yoast.com\/product\/yoast-seo-wordpress\/ -->\n<title>Regulamin - Paramatma<\/title>\n<meta name=\"robots\" content=\"index, follow, max-snippet:-1, max-image-preview:large, max-video-preview:-1\" \/>\n<link rel=\"canonical\" href=\"https:\/\/paramatma.lt\/pl\/regulamin\/\" \/>\n<meta property=\"og:locale\" content=\"pl_PL\" \/>\n<meta property=\"og:type\" content=\"article\" \/>\n<meta property=\"og:title\" content=\"Regulamin - Paramatma\" \/>\n<meta property=\"og:description\" content=\"Dostawa Towar zam\u00f3wiony na Paramatma.lt zostanie dostarczony pod wskazany adres przez naszych partner\u00f3w Omniva. Dostarczymy towar pod wskazany adres na terenie ca\u0142ej Litwy lub do wybranych automat\u00f3w pocztowych. Realizacja zam\u00f3wienia nast\u0119puje w terminie 0-2 dni i przekazywana jest firmom kurierskim Firma kurierska zazwyczaj dostarcza towar w ci\u0105gu 1-2 dni. Je\u017celi nie posiadamy produktu na magazynie,...\" \/>\n<meta property=\"og:url\" content=\"https:\/\/paramatma.lt\/pl\/regulamin\/\" \/>\n<meta property=\"og:site_name\" content=\"Paramatma\" \/>\n<meta property=\"article:modified_time\" content=\"2023-12-21T11:12:21+00:00\" \/>\n<meta name=\"twitter:card\" content=\"summary_large_image\" \/>\n<meta name=\"twitter:label1\" content=\"Szacowany czas czytania\" \/>\n\t<meta name=\"twitter:data1\" content=\"3 minuty\" \/>\n<script type=\"application\/ld+json\" class=\"yoast-schema-graph\">{\"@context\":\"https:\\\/\\\/schema.org\",\"@graph\":[{\"@type\":\"WebPage\",\"@id\":\"https:\\\/\\\/paramatma.lt\\\/pl\\\/regulamin\\\/\",\"url\":\"https:\\\/\\\/paramatma.lt\\\/pl\\\/regulamin\\\/\",\"name\":\"Regulamin - Paramatma\",\"isPartOf\":{\"@id\":\"https:\\\/\\\/paramatma.lt\\\/pl\\\/#website\"},\"datePublished\":\"2023-04-18T10:03:19+00:00\",\"dateModified\":\"2023-12-21T11:12:21+00:00\",\"breadcrumb\":{\"@id\":\"https:\\\/\\\/paramatma.lt\\\/pl\\\/regulamin\\\/#breadcrumb\"},\"inLanguage\":\"pl-PL\",\"potentialAction\":[{\"@type\":\"ReadAction\",\"target\":[\"https:\\\/\\\/paramatma.lt\\\/pl\\\/regulamin\\\/\"]}]},{\"@type\":\"BreadcrumbList\",\"@id\":\"https:\\\/\\\/paramatma.lt\\\/pl\\\/regulamin\\\/#breadcrumb\",\"itemListElement\":[{\"@type\":\"ListItem\",\"position\":1,\"name\":\"Home\",\"item\":\"https:\\\/\\\/paramatma.lt\\\/pl\\\/\"},{\"@type\":\"ListItem\",\"position\":2,\"name\":\"Regulamin\"}]},{\"@type\":\"WebSite\",\"@id\":\"https:\\\/\\\/paramatma.lt\\\/pl\\\/#website\",\"url\":\"https:\\\/\\\/paramatma.lt\\\/pl\\\/\",\"name\":\"PARAMATMA\",\"description\":\"Vini\u0173 lentos\",\"potentialAction\":[{\"@type\":\"SearchAction\",\"target\":{\"@type\":\"EntryPoint\",\"urlTemplate\":\"https:\\\/\\\/paramatma.lt\\\/pl\\\/?s={search_term_string}\"},\"query-input\":{\"@type\":\"PropertyValueSpecification\",\"valueRequired\":true,\"valueName\":\"search_term_string\"}}],\"inLanguage\":\"pl-PL\"}]}<\/script>\n<!-- \/ Yoast SEO plugin. -->","yoast_head_json":{"title":"Regulamin - Paramatma","robots":{"index":"index","follow":"follow","max-snippet":"max-snippet:-1","max-image-preview":"max-image-preview:large","max-video-preview":"max-video-preview:-1"},"canonical":"https:\/\/paramatma.lt\/pl\/regulamin\/","og_locale":"pl_PL","og_type":"article","og_title":"Regulamin - Paramatma","og_description":"Dostawa Towar zam\u00f3wiony na Paramatma.lt zostanie dostarczony pod wskazany adres przez naszych partner\u00f3w Omniva. Dostarczymy towar pod wskazany adres na terenie ca\u0142ej Litwy lub do wybranych automat\u00f3w pocztowych. Realizacja zam\u00f3wienia nast\u0119puje w terminie 0-2 dni i przekazywana jest firmom kurierskim Firma kurierska zazwyczaj dostarcza towar w ci\u0105gu 1-2 dni. Je\u017celi nie posiadamy produktu na magazynie,...","og_url":"https:\/\/paramatma.lt\/pl\/regulamin\/","og_site_name":"Paramatma","article_modified_time":"2023-12-21T11:12:21+00:00","twitter_card":"summary_large_image","twitter_misc":{"Szacowany czas czytania":"3 minuty"},"schema":{"@context":"https:\/\/schema.org","@graph":[{"@type":"WebPage","@id":"https:\/\/paramatma.lt\/pl\/regulamin\/","url":"https:\/\/paramatma.lt\/pl\/regulamin\/","name":"Regulamin - Paramatma","isPartOf":{"@id":"https:\/\/paramatma.lt\/pl\/#website"},"datePublished":"2023-04-18T10:03:19+00:00","dateModified":"2023-12-21T11:12:21+00:00","breadcrumb":{"@id":"https:\/\/paramatma.lt\/pl\/regulamin\/#breadcrumb"},"inLanguage":"pl-PL","potentialAction":[{"@type":"ReadAction","target":["https:\/\/paramatma.lt\/pl\/regulamin\/"]}]},{"@type":"BreadcrumbList","@id":"https:\/\/paramatma.lt\/pl\/regulamin\/#breadcrumb","itemListElement":[{"@type":"ListItem","position":1,"name":"Home","item":"https:\/\/paramatma.lt\/pl\/"},{"@type":"ListItem","position":2,"name":"Regulamin"}]},{"@type":"WebSite","@id":"https:\/\/paramatma.lt\/pl\/#website","url":"https:\/\/paramatma.lt\/pl\/","name":"PARAMATMA","description":"Vini\u0173 lentos","potentialAction":[{"@type":"SearchAction","target":{"@type":"EntryPoint","urlTemplate":"https:\/\/paramatma.lt\/pl\/?s={search_term_string}"},"query-input":{"@type":"PropertyValueSpecification","valueRequired":true,"valueName":"search_term_string"}}],"inLanguage":"pl-PL"}]}},"_links":{"self":[{"href":"https:\/\/paramatma.lt\/pl\/wp-json\/wp\/v2\/pages\/2026","targetHints":{"allow":["GET"]}}],"collection":[{"href":"https:\/\/paramatma.lt\/pl\/wp-json\/wp\/v2\/pages"}],"about":[{"href":"https:\/\/paramatma.lt\/pl\/wp-json\/wp\/v2\/types\/page"}],"author":[{"embeddable":true,"href":"https:\/\/paramatma.lt\/pl\/wp-json\/wp\/v2\/users\/2"}],"replies":[{"embeddable":true,"href":"https:\/\/paramatma.lt\/pl\/wp-json\/wp\/v2\/comments?post=2026"}],"version-history":[{"count":2,"href":"https:\/\/paramatma.lt\/pl\/wp-json\/wp\/v2\/pages\/2026\/revisions"}],"predecessor-version":[{"id":2451,"href":"https:\/\/paramatma.lt\/pl\/wp-json\/wp\/v2\/pages\/2026\/revisions\/2451"}],"wp:attachment":[{"href":"https:\/\/paramatma.lt\/pl\/wp-json\/wp\/v2\/media?parent=2026"}],"curies":[{"name":"wp","href":"https:\/\/api.w.org\/{rel}","templated":true}]}}