{"id":2523,"date":"2024-01-23T18:18:12","date_gmt":"2024-01-23T15:18:12","guid":{"rendered":"https:\/\/paramatma.lt\/produktas\/dzwonek-wietrzny-koshi-terra-ziemia\/"},"modified":"2024-01-23T18:32:18","modified_gmt":"2024-01-23T15:32:18","slug":"dzwonek-wietrzny-koshi-terra-ziemia","status":"publish","type":"product","link":"https:\/\/paramatma.lt\/pl\/produkt\/dzwonek-wietrzny-koshi-terra-ziemia\/","title":{"rendered":"Dzwonek wietrzny Koshi (Terra \/ ziemia)"},"content":{"rendered":"<p>&#8222;Unikalne dzwonki Koshi, ka\u017cdy z w\u0142asn\u0105 tonacj\u0105 i intensywno\u015bci\u0105 d\u017awi\u0119ku. Ka\u017cdy d\u017awi\u0119k nak\u0142ada si\u0119 na jeden z czterech element\u00f3w.<br \/>\nTerra (element ziemi) \u266a\u266b G C E F G C E G (solidny fundament pod stopami, stabilno\u015b\u0107, konsekwencja)&#8221;<\/p>\n","protected":false},"excerpt":{"rendered":"<p>&#8222;Unikalne dzwonki Koshi, ka\u017cdy z w\u0142asn\u0105 tonacj\u0105 i intensywno\u015bci\u0105 d\u017awi\u0119ku. Ka\u017cdy d\u017awi\u0119k nak\u0142ada si\u0119 na jeden z czterech element\u00f3w. Terra (element ziemi) \u266a\u266b G C E F G C E G (solidny fundament pod stopami, stabilno\u015b\u0107, konsekwencja)&#8221;<\/p>\n","protected":false},"featured_media":2509,"template":"","meta":{"_acf_changed":false,"inline_featured_image":false},"product_brand":[],"product_cat":[115],"product_tag":[],"class_list":{"0":"post-2523","1":"product","2":"type-product","3":"status-publish","4":"has-post-thumbnail","6":"product_cat-dzwony-koshi","8":"first","9":"instock","10":"purchasable","11":"product-type-simple"},"acf":[],"yoast_head":"<!-- This site is optimized with the Yoast SEO plugin v27.5 - https:\/\/yoast.com\/product\/yoast-seo-wordpress\/ -->\n<title>Dzwonek wietrzny Koshi (Terra \/ ziemia) - Paramatma<\/title>\n<meta name=\"robots\" content=\"index, follow, max-snippet:-1, max-image-preview:large, max-video-preview:-1\" \/>\n<link rel=\"canonical\" href=\"https:\/\/paramatma.lt\/pl\/produkt\/dzwonek-wietrzny-koshi-terra-ziemia\/\" \/>\n<meta property=\"og:locale\" content=\"pl_PL\" \/>\n<meta property=\"og:type\" content=\"article\" \/>\n<meta property=\"og:title\" content=\"Dzwonek wietrzny Koshi (Terra \/ ziemia) - Paramatma\" \/>\n<meta property=\"og:description\" content=\"&#8222;Unikalne dzwonki Koshi, ka\u017cdy z w\u0142asn\u0105 tonacj\u0105 i intensywno\u015bci\u0105 d\u017awi\u0119ku. Ka\u017cdy d\u017awi\u0119k nak\u0142ada si\u0119 na jeden z czterech element\u00f3w. Terra (element ziemi) \u266a\u266b G C E F G C E G (solidny fundament pod stopami, stabilno\u015b\u0107, konsekwencja)&#8221;\" \/>\n<meta property=\"og:url\" content=\"https:\/\/paramatma.lt\/pl\/produkt\/dzwonek-wietrzny-koshi-terra-ziemia\/\" \/>\n<meta property=\"og:site_name\" content=\"Paramatma\" \/>\n<meta property=\"article:modified_time\" content=\"2024-01-23T15:32:18+00:00\" \/>\n<meta name=\"twitter:card\" content=\"summary_large_image\" \/>\n<script type=\"application\/ld+json\" class=\"yoast-schema-graph\">{\"@context\":\"https:\\\/\\\/schema.org\",\"@graph\":[{\"@type\":\"WebPage\",\"@id\":\"https:\\\/\\\/paramatma.lt\\\/pl\\\/produkt\\\/dzwonek-wietrzny-koshi-terra-ziemia\\\/\",\"url\":\"https:\\\/\\\/paramatma.lt\\\/pl\\\/produkt\\\/dzwonek-wietrzny-koshi-terra-ziemia\\\/\",\"name\":\"Dzwonek wietrzny Koshi (Terra \\\/ ziemia) - Paramatma\",\"isPartOf\":{\"@id\":\"https:\\\/\\\/paramatma.lt\\\/pl\\\/#website\"},\"primaryImageOfPage\":{\"@id\":\"https:\\\/\\\/paramatma.lt\\\/pl\\\/produkt\\\/dzwonek-wietrzny-koshi-terra-ziemia\\\/#primaryimage\"},\"image\":{\"@id\":\"https:\\\/\\\/paramatma.lt\\\/pl\\\/produkt\\\/dzwonek-wietrzny-koshi-terra-ziemia\\\/#primaryimage\"},\"thumbnailUrl\":\"https:\\\/\\\/paramatma.lt\\\/wp-content\\\/uploads\\\/96be1b_1ec8b740dcb94ae7a47f6e2ef339c0f3mv2-scaled-1.jpg\",\"datePublished\":\"2024-01-23T15:18:12+00:00\",\"dateModified\":\"2024-01-23T15:32:18+00:00\",\"breadcrumb\":{\"@id\":\"https:\\\/\\\/paramatma.lt\\\/pl\\\/produkt\\\/dzwonek-wietrzny-koshi-terra-ziemia\\\/#breadcrumb\"},\"inLanguage\":\"pl-PL\",\"potentialAction\":[{\"@type\":\"ReadAction\",\"target\":[\"https:\\\/\\\/paramatma.lt\\\/pl\\\/produkt\\\/dzwonek-wietrzny-koshi-terra-ziemia\\\/\"]}]},{\"@type\":\"ImageObject\",\"inLanguage\":\"pl-PL\",\"@id\":\"https:\\\/\\\/paramatma.lt\\\/pl\\\/produkt\\\/dzwonek-wietrzny-koshi-terra-ziemia\\\/#primaryimage\",\"url\":\"https:\\\/\\\/paramatma.lt\\\/wp-content\\\/uploads\\\/96be1b_1ec8b740dcb94ae7a47f6e2ef339c0f3mv2-scaled-1.jpg\",\"contentUrl\":\"https:\\\/\\\/paramatma.lt\\\/wp-content\\\/uploads\\\/96be1b_1ec8b740dcb94ae7a47f6e2ef339c0f3mv2-scaled-1.jpg\",\"width\":1707,\"height\":2560},{\"@type\":\"BreadcrumbList\",\"@id\":\"https:\\\/\\\/paramatma.lt\\\/pl\\\/produkt\\\/dzwonek-wietrzny-koshi-terra-ziemia\\\/#breadcrumb\",\"itemListElement\":[{\"@type\":\"ListItem\",\"position\":1,\"name\":\"Home\",\"item\":\"https:\\\/\\\/paramatma.lt\\\/pl\\\/\"},{\"@type\":\"ListItem\",\"position\":2,\"name\":\"Sklep\",\"item\":\"https:\\\/\\\/paramatma.lt\\\/katalogas\\\/\"},{\"@type\":\"ListItem\",\"position\":3,\"name\":\"Dzwonek wietrzny Koshi (Terra \\\/ ziemia)\"}]},{\"@type\":\"WebSite\",\"@id\":\"https:\\\/\\\/paramatma.lt\\\/pl\\\/#website\",\"url\":\"https:\\\/\\\/paramatma.lt\\\/pl\\\/\",\"name\":\"PARAMATMA\",\"description\":\"Vini\u0173 lentos\",\"potentialAction\":[{\"@type\":\"SearchAction\",\"target\":{\"@type\":\"EntryPoint\",\"urlTemplate\":\"https:\\\/\\\/paramatma.lt\\\/pl\\\/?s={search_term_string}\"},\"query-input\":{\"@type\":\"PropertyValueSpecification\",\"valueRequired\":true,\"valueName\":\"search_term_string\"}}],\"inLanguage\":\"pl-PL\"}]}<\/script>\n<!-- \/ Yoast SEO plugin. -->","yoast_head_json":{"title":"Dzwonek wietrzny Koshi (Terra \/ ziemia) - Paramatma","robots":{"index":"index","follow":"follow","max-snippet":"max-snippet:-1","max-image-preview":"max-image-preview:large","max-video-preview":"max-video-preview:-1"},"canonical":"https:\/\/paramatma.lt\/pl\/produkt\/dzwonek-wietrzny-koshi-terra-ziemia\/","og_locale":"pl_PL","og_type":"article","og_title":"Dzwonek wietrzny Koshi (Terra \/ ziemia) - Paramatma","og_description":"&#8222;Unikalne dzwonki Koshi, ka\u017cdy z w\u0142asn\u0105 tonacj\u0105 i intensywno\u015bci\u0105 d\u017awi\u0119ku. Ka\u017cdy d\u017awi\u0119k nak\u0142ada si\u0119 na jeden z czterech element\u00f3w. Terra (element ziemi) \u266a\u266b G C E F G C E G (solidny fundament pod stopami, stabilno\u015b\u0107, konsekwencja)&#8221;","og_url":"https:\/\/paramatma.lt\/pl\/produkt\/dzwonek-wietrzny-koshi-terra-ziemia\/","og_site_name":"Paramatma","article_modified_time":"2024-01-23T15:32:18+00:00","twitter_card":"summary_large_image","schema":{"@context":"https:\/\/schema.org","@graph":[{"@type":"WebPage","@id":"https:\/\/paramatma.lt\/pl\/produkt\/dzwonek-wietrzny-koshi-terra-ziemia\/","url":"https:\/\/paramatma.lt\/pl\/produkt\/dzwonek-wietrzny-koshi-terra-ziemia\/","name":"Dzwonek wietrzny Koshi (Terra \/ ziemia) - Paramatma","isPartOf":{"@id":"https:\/\/paramatma.lt\/pl\/#website"},"primaryImageOfPage":{"@id":"https:\/\/paramatma.lt\/pl\/produkt\/dzwonek-wietrzny-koshi-terra-ziemia\/#primaryimage"},"image":{"@id":"https:\/\/paramatma.lt\/pl\/produkt\/dzwonek-wietrzny-koshi-terra-ziemia\/#primaryimage"},"thumbnailUrl":"https:\/\/paramatma.lt\/wp-content\/uploads\/96be1b_1ec8b740dcb94ae7a47f6e2ef339c0f3mv2-scaled-1.jpg","datePublished":"2024-01-23T15:18:12+00:00","dateModified":"2024-01-23T15:32:18+00:00","breadcrumb":{"@id":"https:\/\/paramatma.lt\/pl\/produkt\/dzwonek-wietrzny-koshi-terra-ziemia\/#breadcrumb"},"inLanguage":"pl-PL","potentialAction":[{"@type":"ReadAction","target":["https:\/\/paramatma.lt\/pl\/produkt\/dzwonek-wietrzny-koshi-terra-ziemia\/"]}]},{"@type":"ImageObject","inLanguage":"pl-PL","@id":"https:\/\/paramatma.lt\/pl\/produkt\/dzwonek-wietrzny-koshi-terra-ziemia\/#primaryimage","url":"https:\/\/paramatma.lt\/wp-content\/uploads\/96be1b_1ec8b740dcb94ae7a47f6e2ef339c0f3mv2-scaled-1.jpg","contentUrl":"https:\/\/paramatma.lt\/wp-content\/uploads\/96be1b_1ec8b740dcb94ae7a47f6e2ef339c0f3mv2-scaled-1.jpg","width":1707,"height":2560},{"@type":"BreadcrumbList","@id":"https:\/\/paramatma.lt\/pl\/produkt\/dzwonek-wietrzny-koshi-terra-ziemia\/#breadcrumb","itemListElement":[{"@type":"ListItem","position":1,"name":"Home","item":"https:\/\/paramatma.lt\/pl\/"},{"@type":"ListItem","position":2,"name":"Sklep","item":"https:\/\/paramatma.lt\/katalogas\/"},{"@type":"ListItem","position":3,"name":"Dzwonek wietrzny Koshi (Terra \/ ziemia)"}]},{"@type":"WebSite","@id":"https:\/\/paramatma.lt\/pl\/#website","url":"https:\/\/paramatma.lt\/pl\/","name":"PARAMATMA","description":"Vini\u0173 lentos","potentialAction":[{"@type":"SearchAction","target":{"@type":"EntryPoint","urlTemplate":"https:\/\/paramatma.lt\/pl\/?s={search_term_string}"},"query-input":{"@type":"PropertyValueSpecification","valueRequired":true,"valueName":"search_term_string"}}],"inLanguage":"pl-PL"}]}},"_links":{"self":[{"href":"https:\/\/paramatma.lt\/pl\/wp-json\/wp\/v2\/product\/2523","targetHints":{"allow":["GET"]}}],"collection":[{"href":"https:\/\/paramatma.lt\/pl\/wp-json\/wp\/v2\/product"}],"about":[{"href":"https:\/\/paramatma.lt\/pl\/wp-json\/wp\/v2\/types\/product"}],"wp:featuredmedia":[{"embeddable":true,"href":"https:\/\/paramatma.lt\/pl\/wp-json\/wp\/v2\/media\/2509"}],"wp:attachment":[{"href":"https:\/\/paramatma.lt\/pl\/wp-json\/wp\/v2\/media?parent=2523"}],"wp:term":[{"taxonomy":"product_brand","embeddable":true,"href":"https:\/\/paramatma.lt\/pl\/wp-json\/wp\/v2\/product_brand?post=2523"},{"taxonomy":"product_cat","embeddable":true,"href":"https:\/\/paramatma.lt\/pl\/wp-json\/wp\/v2\/product_cat?post=2523"},{"taxonomy":"product_tag","embeddable":true,"href":"https:\/\/paramatma.lt\/pl\/wp-json\/wp\/v2\/product_tag?post=2523"}],"curies":[{"name":"wp","href":"https:\/\/api.w.org\/{rel}","templated":true}]}}